{"id":655,"date":"2024-11-13T19:15:45","date_gmt":"2024-11-13T18:15:45","guid":{"rendered":"http:\/\/localhost\/junkBurger\/?page_id=655"},"modified":"2024-11-25T20:27:54","modified_gmt":"2024-11-25T19:27:54","slug":"about-us","status":"publish","type":"page","link":"https:\/\/www.junkburger.com\/index.php\/about-us\/","title":{"rendered":"About Us"},"content":{"rendered":"\t\t<div data-elementor-type=\"wp-page\" data-elementor-id=\"655\" class=\"elementor elementor-655\">\n\t\t\t\t<div class=\"elementor-element elementor-element-0b53cab e-flex e-con-boxed wpr-particle-no wpr-jarallax-no wpr-parallax-no wpr-sticky-section-no e-con e-parent\" data-id=\"0b53cab\" data-element_type=\"container\">\n\t\t\t\t\t<div class=\"e-con-inner\">\n\t\t\t\t<div class=\"elementor-element elementor-element-0f3c3e5 elementor-widget elementor-widget-heading\" data-id=\"0f3c3e5\" data-element_type=\"widget\" data-widget_type=\"heading.default\">\n\t\t\t\t<div class=\"elementor-widget-container\">\n\t\t\t<h1 class=\"elementor-heading-title elementor-size-default\">About us<\/h1>\t\t<\/div>\n\t\t\t\t<\/div>\n\t\t\t\t\t<\/div>\n\t\t\t\t<\/div>\n\t\t<div class=\"elementor-element elementor-element-2e5489d e-flex e-con-boxed wpr-particle-no wpr-jarallax-no wpr-parallax-no wpr-sticky-section-no e-con e-parent\" data-id=\"2e5489d\" data-element_type=\"container\">\n\t\t\t\t\t<div class=\"e-con-inner\">\n\t\t<div class=\"elementor-element elementor-element-69f05c5 e-con-full e-flex wpr-particle-no wpr-jarallax-no wpr-parallax-no wpr-sticky-section-no e-con e-child\" data-id=\"69f05c5\" data-element_type=\"container\">\n\t\t\t\t<div class=\"elementor-element elementor-element-38516cc elementor-widget elementor-widget-image\" data-id=\"38516cc\" data-element_type=\"widget\" data-widget_type=\"image.default\">\n\t\t\t\t<div class=\"elementor-widget-container\">\n\t\t\t\t\t\t\t\t\t\t\t\t\t<img fetchpriority=\"high\" decoding=\"async\" width=\"721\" height=\"1024\" src=\"https:\/\/www.junkburger.com\/wp-content\/uploads\/2024\/11\/IMG_9938-1-721x1024.jpg\" class=\"attachment-large size-large wp-image-1933\" alt=\"\" srcset=\"https:\/\/www.junkburger.com\/wp-content\/uploads\/2024\/11\/IMG_9938-1-721x1024.jpg 721w, https:\/\/www.junkburger.com\/wp-content\/uploads\/2024\/11\/IMG_9938-1-211x300.jpg 211w, https:\/\/www.junkburger.com\/wp-content\/uploads\/2024\/11\/IMG_9938-1-768x1091.jpg 768w, https:\/\/www.junkburger.com\/wp-content\/uploads\/2024\/11\/IMG_9938-1-1082x1536.jpg 1082w, https:\/\/www.junkburger.com\/wp-content\/uploads\/2024\/11\/IMG_9938-1-1442x2048.jpg 1442w, https:\/\/www.junkburger.com\/wp-content\/uploads\/2024\/11\/IMG_9938-1-scaled.jpg 1803w\" sizes=\"(max-width: 721px) 100vw, 721px\" \/>\t\t\t\t\t\t\t\t\t\t\t\t\t<\/div>\n\t\t\t\t<\/div>\n\t\t\t\t<\/div>\n\t\t<div class=\"elementor-element elementor-element-505a03b e-con-full e-flex wpr-particle-no wpr-jarallax-no wpr-parallax-no wpr-sticky-section-no e-con e-child\" data-id=\"505a03b\" data-element_type=\"container\">\n\t\t\t\t<div class=\"elementor-element elementor-element-6a19c9f elementor-widget elementor-widget-text-editor\" data-id=\"6a19c9f\" data-element_type=\"widget\" data-widget_type=\"text-editor.default\">\n\t\t\t\t<div class=\"elementor-widget-container\">\n\t\t\t\t\t\t\t<p><span style=\"font-weight: 400;\">JUNK NACE EN <\/span><b>FEBRERO DE 2020<\/b><span style=\"font-weight: 400;\"> (UN MES ANTES DE LA PANDEMIA). SOLO TEN\u00cdAMOS UNA COSA CLARA: <\/span><b>\u201cHAGAMOS LO QUE HAGAMOS, TENEMOS QUE SER LOS MEJORES\u201d<\/b><span style=\"font-weight: 400;\">. LOS INICIOS NO FUERON F\u00c1CILES, PANDEMIA Y POST-PANDEMIA NOS DIERON UNAS LECCIONES DE VIDA INCALCULABLES. A D\u00cdA DE HOY, Y ECHANDO LA VISTA ATR\u00c1S, LO TENEMOS CLARO. SI HEMOS AGUANTADO TODO ESTO Y HEMOS SABIDO SALIR ADELANTE, VAMOS A PODER ENFRENTARNOS A TODO LO QUE VENGA.<\/span><\/p><p><span style=\"font-weight: 400;\">FUIMOS <\/span><b>PIONEROS<\/b><span style=\"font-weight: 400;\"> EN HACER LAS AHORA TAN FAMOSAS <\/span><b>\u201cSMASH BURGERS\u201d EN MADRID Y EN ESPA\u00d1A<\/b><span style=\"font-weight: 400;\">. <\/span><b>GANANDO<\/b><span style=\"font-weight: 400;\"> EN MARZO DE 2022 EL CAMPEONATO DE <\/span><b>LA MEJOR HAMBURGUESA DE ESPA\u00d1A<\/b><span style=\"font-weight: 400;\">, SIENDO LA \u00daNICA \u201cSMASH\u201d QUE PARTICIPABA EN EL CAMPEONATO.<\/span><\/p><p><span style=\"font-weight: 400;\">A PARTIR DE ESTE MOMENTO, NOS CENTRAMOS EN CUMPLIR LAS EXPECTATIVAS DE TODAS AQUELLAS PERSONAS QUE VEN\u00cdAN A NUESTRO PRIMER RESTAURANTE (C\/JOSE ABASCAL, 31, MADRID) A PROBAR \u201cLA MEJOR HAMBURGUESA DE ESPA\u00d1A\u201d.<\/span><\/p><p><span style=\"font-weight: 400;\">POCO A POCO FUIMOS CRECIENDO COMO EMPRESA, COMO MARCA Y COMO EQUIPO. DEFINIMOS NUESTRAS BASES EN TRES PRINCIPIOS: <\/span><b>PRODUCTO, EXPERIENCIA Y TECNOLOG\u00cdA.<\/b><\/p>\t\t\t\t\t\t<\/div>\n\t\t\t\t<\/div>\n\t\t\t\t<\/div>\n\t\t\t\t\t<\/div>\n\t\t\t\t<\/div>\n\t\t<div class=\"elementor-element elementor-element-2354619 e-flex e-con-boxed wpr-particle-no wpr-jarallax-no wpr-parallax-no wpr-sticky-section-no e-con e-parent\" data-id=\"2354619\" data-element_type=\"container\">\n\t\t\t\t\t<div class=\"e-con-inner\">\n\t\t<div class=\"elementor-element elementor-element-b1aeb08 e-con-full e-flex wpr-particle-no wpr-jarallax-no wpr-parallax-no wpr-sticky-section-no e-con e-child\" data-id=\"b1aeb08\" data-element_type=\"container\">\n\t\t\t\t<div class=\"elementor-element elementor-element-a860410 elementor-widget elementor-widget-text-editor\" data-id=\"a860410\" data-element_type=\"widget\" data-widget_type=\"text-editor.default\">\n\t\t\t\t<div class=\"elementor-widget-container\">\n\t\t\t\t\t\t\t<p><span style=\"font-weight: 400;\">NOS CENTRAMOS EN TENER UN PRODUCTO INIGUALABLE. BUSCAMOS UN <\/span><b>OBRADOR DE PAN<\/b><span style=\"font-weight: 400;\"> PARA QUE NOS PRODUJESE NUESTRO PROPIO PAN CASERO, CON LA RECETA QUE NOSOTROS MISMOS ELABORAMOS. ENCONTRAMOS LA <\/span><b>GANADER\u00cdA<\/b> <b>QUE M\u00c1S LIBERTAD OFRECE A SUS VACAS<\/b><span style=\"font-weight: 400;\"> Y QUE NOS GARANTIZA CON MAYOR SEGURIDAD EL PROCESO DE TRAZABILIDAD DE LA CARNE HASTA SU LLEGADA DIARIA A NUESTROS RESTAURANTES. A D\u00cdA DE HOY, ESTAMOS ORGULLOSOS DE DECIR QUE NADA DE NUESTROS PRODUCTOS ES CONGELADO, TODO VIENE FRESCO Y EN EL D\u00cdA. CONTAMOS CON PROVEEDORES LOCALES DE FRUTAS, PATATAS (CASERAS, CORTADAS A MANO Y CON PIEL) Y VERDURAS. SIEMPRE TUVIMOS LA OBSESI\u00d3N POR TENER LA MEJOR BURGER DE ESPA\u00d1A, Y ESO NO SER\u00cdA POSIBLE SI NO CONTASEMOS CON <\/span><b>LOS MEJORES INGREDIENTES LOCALES<\/b><span style=\"font-weight: 400;\">.<\/span><\/p><p><span style=\"font-weight: 400;\">CREEMOS QUE EL \u201cMOMENTO BURGER\u201d EST\u00c1 CAMBIANDO EN NUESTRA SOCIEDAD. NO SOLO APOSTAMOS POR UNA<\/span><b> GRAN EXPERIENCIA EN NUESTROS LOCALES<\/b><span style=\"font-weight: 400;\">, SINO QUE QUEREMOS LLEVAR ESA FELICIDAD A CUALQUIER LUGAR EN EL QUE EST\u00c9S GRACIAS AL DELIVERY. POR ELLO, DESDE 2023 PONEMOS TODOS LOS ESFUERZOS EN MEJORAR TODA ESA EXPERIENCIA ONLINE. HEMOS CUIDADO EL PACKAGING HASTA EL \u00daLTIMO DETALLE PARA CONSEGUIR QUE SIEMPRE LLEGUEMOS CALIENTES, ADEM\u00c1S DE CREAR TODA UNA IMAGEN DE MARCA ALREDEDOR DE LA EXPERIENCIA QUE OFRECEMOS. <\/span><b>QUE COMER UNA JUNK NO SOLO TE QUITE EL HAMBRE, TE APORTE UN VALOR EXTRA DE FELICIDAD.<\/b><\/p>\t\t\t\t\t\t<\/div>\n\t\t\t\t<\/div>\n\t\t\t\t<\/div>\n\t\t<div class=\"elementor-element elementor-element-3718fb4 e-con-full e-flex wpr-particle-no wpr-jarallax-no wpr-parallax-no wpr-sticky-section-no e-con e-child\" data-id=\"3718fb4\" data-element_type=\"container\">\n\t\t\t\t<div class=\"elementor-element elementor-element-552e076 elementor-widget elementor-widget-image\" data-id=\"552e076\" data-element_type=\"widget\" data-widget_type=\"image.default\">\n\t\t\t\t<div class=\"elementor-widget-container\">\n\t\t\t\t\t\t\t\t\t\t\t\t\t<img decoding=\"async\" width=\"683\" height=\"1024\" src=\"https:\/\/www.junkburger.com\/wp-content\/uploads\/2024\/11\/DSC09645-2-683x1024.jpeg\" class=\"attachment-large size-large wp-image-1989\" alt=\"\" srcset=\"https:\/\/www.junkburger.com\/wp-content\/uploads\/2024\/11\/DSC09645-2-683x1024.jpeg 683w, https:\/\/www.junkburger.com\/wp-content\/uploads\/2024\/11\/DSC09645-2-200x300.jpeg 200w, https:\/\/www.junkburger.com\/wp-content\/uploads\/2024\/11\/DSC09645-2-768x1152.jpeg 768w, https:\/\/www.junkburger.com\/wp-content\/uploads\/2024\/11\/DSC09645-2-1024x1536.jpeg 1024w, https:\/\/www.junkburger.com\/wp-content\/uploads\/2024\/11\/DSC09645-2-1365x2048.jpeg 1365w, https:\/\/www.junkburger.com\/wp-content\/uploads\/2024\/11\/DSC09645-2-scaled.jpeg 1707w\" sizes=\"(max-width: 683px) 100vw, 683px\" \/>\t\t\t\t\t\t\t\t\t\t\t\t\t<\/div>\n\t\t\t\t<\/div>\n\t\t\t\t<\/div>\n\t\t\t\t\t<\/div>\n\t\t\t\t<\/div>\n\t\t<div class=\"elementor-element elementor-element-39f1657 e-flex e-con-boxed wpr-particle-no wpr-jarallax-no wpr-parallax-no wpr-sticky-section-no e-con e-parent\" data-id=\"39f1657\" data-element_type=\"container\">\n\t\t\t\t\t<div class=\"e-con-inner\">\n\t\t<div class=\"elementor-element elementor-element-f69a10f e-con-full e-flex wpr-particle-no wpr-jarallax-no wpr-parallax-no wpr-sticky-section-no e-con e-child\" data-id=\"f69a10f\" data-element_type=\"container\">\n\t\t\t\t<div class=\"elementor-element elementor-element-9fc617b elementor-widget elementor-widget-image\" data-id=\"9fc617b\" data-element_type=\"widget\" data-widget_type=\"image.default\">\n\t\t\t\t<div class=\"elementor-widget-container\">\n\t\t\t\t\t\t\t\t\t\t\t\t\t<img decoding=\"async\" width=\"683\" height=\"1024\" src=\"https:\/\/www.junkburger.com\/wp-content\/uploads\/2024\/11\/4610B4BA-030E-4966-B82E-6E768BBFC05E-1-683x1024.jpeg\" class=\"attachment-large size-large wp-image-1980\" alt=\"\" srcset=\"https:\/\/www.junkburger.com\/wp-content\/uploads\/2024\/11\/4610B4BA-030E-4966-B82E-6E768BBFC05E-1-683x1024.jpeg 683w, https:\/\/www.junkburger.com\/wp-content\/uploads\/2024\/11\/4610B4BA-030E-4966-B82E-6E768BBFC05E-1-200x300.jpeg 200w, https:\/\/www.junkburger.com\/wp-content\/uploads\/2024\/11\/4610B4BA-030E-4966-B82E-6E768BBFC05E-1-768x1152.jpeg 768w, https:\/\/www.junkburger.com\/wp-content\/uploads\/2024\/11\/4610B4BA-030E-4966-B82E-6E768BBFC05E-1-1024x1536.jpeg 1024w, https:\/\/www.junkburger.com\/wp-content\/uploads\/2024\/11\/4610B4BA-030E-4966-B82E-6E768BBFC05E-1-1365x2048.jpeg 1365w, https:\/\/www.junkburger.com\/wp-content\/uploads\/2024\/11\/4610B4BA-030E-4966-B82E-6E768BBFC05E-1-scaled.jpeg 1707w\" sizes=\"(max-width: 683px) 100vw, 683px\" \/>\t\t\t\t\t\t\t\t\t\t\t\t\t<\/div>\n\t\t\t\t<\/div>\n\t\t\t\t<\/div>\n\t\t<div class=\"elementor-element elementor-element-d4307e3 e-con-full e-flex wpr-particle-no wpr-jarallax-no wpr-parallax-no wpr-sticky-section-no e-con e-child\" data-id=\"d4307e3\" data-element_type=\"container\">\n\t\t\t\t<div class=\"elementor-element elementor-element-c02be83 elementor-widget elementor-widget-text-editor\" data-id=\"c02be83\" data-element_type=\"widget\" data-widget_type=\"text-editor.default\">\n\t\t\t\t<div class=\"elementor-widget-container\">\n\t\t\t\t\t\t\t<p><span style=\"font-weight: 400;\">NADA DE TODO ESTO HUBIESE SIDO POSIBLE SIN UNA APUESTA FIRME POR LA TECNOLOG\u00cdA. HEMOS DISE\u00d1ADO TODA UNA OPERATIVA BASADA EN DATOS Y N\u00daMEROS QUE NOS PERMITE SABER EXACTAMENTE QU\u00c9 EST\u00c1 PASANDO EN CADA MOMENTO. IDENTIFICAMOS D\u00d3NDE HAY ERRORES Y BUSCAMOS LA SOLUCI\u00d3N LO ANTES POSIBLE. TODO ELLO, NOS HA PERMITIDO OPERAR R\u00c1PIDAMENTE EN LOS RESTAURANTES Y TENER UNA MEDIA DE <\/span><b>\u201cDELIVERY TIME\u201d POR DEBAJO DE LOS 25 MINUTOS.<\/b><\/p><p><span style=\"font-weight: 400;\">POR RESUMIR EN UNA FRASE LO QUE HACEMOS DESDE JUNK, CREEMOS QUE <\/span><b>\u201cSOMEDAY, ALL BURGERS ARE GOING TO BE MADE LIKE THIS\u201d<\/b><span style=\"font-weight: 400;\">.<\/span><\/p><p><span style=\"font-weight: 400;\">CON ESTA PASI\u00d3N POR LO QUE HACEMOS Y EL PROYECTO QUE ESTAMOS MONTANDO, NOS DESPEDIMOS. SI HAB\u00c9IS LLEGADO HASTA AQU\u00cd, ESPERAMOS QUE COMO POCO OS HAYAN ENTRADO GANAS DE UNA JUNK<\/span><\/p>\t\t\t\t\t\t<\/div>\n\t\t\t\t<\/div>\n\t\t\t\t<div class=\"elementor-element elementor-element-57b6e01 elementor-widget elementor-widget-heading\" data-id=\"57b6e01\" data-element_type=\"widget\" data-widget_type=\"heading.default\">\n\t\t\t\t<div class=\"elementor-widget-container\">\n\t\t\t<h2 class=\"elementor-heading-title elementor-size-default\">RECONOCIMIENTOS HASTA EL MOMENTO:<\/h2>\t\t<\/div>\n\t\t\t\t<\/div>\n\t\t<div class=\"elementor-element elementor-element-e8e2842 e-con-full e-flex wpr-particle-no wpr-jarallax-no wpr-parallax-no wpr-sticky-section-no e-con e-child\" data-id=\"e8e2842\" data-element_type=\"container\">\n\t\t<div class=\"elementor-element elementor-element-6de5a79 e-con-full e-flex wpr-particle-no wpr-jarallax-no wpr-parallax-no wpr-sticky-section-no e-con e-child\" data-id=\"6de5a79\" data-element_type=\"container\">\n\t\t\t\t<div class=\"elementor-element elementor-element-9f693c2 elementor-position-top elementor-widget elementor-widget-image-box\" data-id=\"9f693c2\" data-element_type=\"widget\" data-widget_type=\"image-box.default\">\n\t\t\t\t<div class=\"elementor-widget-container\">\n\t\t\t<div class=\"elementor-image-box-wrapper\"><figure class=\"elementor-image-box-img\"><img loading=\"lazy\" decoding=\"async\" width=\"564\" height=\"424\" src=\"https:\/\/www.junkburger.com\/wp-content\/uploads\/2024\/11\/Best-Burger-Spain.png\" class=\"attachment-full size-full wp-image-566\" alt=\"\" \/><\/figure><div class=\"elementor-image-box-content\"><h3 class=\"elementor-image-box-title\">MEJOR HAMBURGUESA DE ESPA\u00d1A 2022<\/h3><\/div><\/div>\t\t<\/div>\n\t\t\t\t<\/div>\n\t\t\t\t<\/div>\n\t\t<div class=\"elementor-element elementor-element-2d9af3e e-con-full e-flex wpr-particle-no wpr-jarallax-no wpr-parallax-no wpr-sticky-section-no e-con e-child\" data-id=\"2d9af3e\" data-element_type=\"container\">\n\t\t\t\t<div class=\"elementor-element elementor-element-1c9f18a elementor-position-top elementor-widget elementor-widget-image-box\" data-id=\"1c9f18a\" data-element_type=\"widget\" data-widget_type=\"image-box.default\">\n\t\t\t\t<div class=\"elementor-widget-container\">\n\t\t\t<div class=\"elementor-image-box-wrapper\"><figure class=\"elementor-image-box-img\"><img loading=\"lazy\" decoding=\"async\" width=\"384\" height=\"438\" src=\"https:\/\/www.junkburger.com\/wp-content\/uploads\/2024\/11\/logotipo-solete-horizontal.png\" class=\"attachment-full size-full wp-image-565\" alt=\"\" \/><\/figure><div class=\"elementor-image-box-content\"><h3 class=\"elementor-image-box-title\">SOLETE GU\u00cdA REPSOL \u201cFAST GOOD\u201d 2023 & 2024<\/h3><\/div><\/div>\t\t<\/div>\n\t\t\t\t<\/div>\n\t\t\t\t<\/div>\n\t\t<div class=\"elementor-element elementor-element-3d58ab0 e-con-full e-flex wpr-particle-no wpr-jarallax-no wpr-parallax-no wpr-sticky-section-no e-con e-child\" data-id=\"3d58ab0\" data-element_type=\"container\">\n\t\t\t\t<div class=\"elementor-element elementor-element-bca5261 elementor-position-top elementor-widget elementor-widget-image-box\" data-id=\"bca5261\" data-element_type=\"widget\" data-widget_type=\"image-box.default\">\n\t\t\t\t<div class=\"elementor-widget-container\">\n\t\t\t<div class=\"elementor-image-box-wrapper\"><figure class=\"elementor-image-box-img\"><img loading=\"lazy\" decoding=\"async\" width=\"564\" height=\"424\" src=\"https:\/\/www.junkburger.com\/wp-content\/uploads\/2024\/11\/Best-Burger-Spain.png\" class=\"attachment-full size-full wp-image-566\" alt=\"\" \/><\/figure><div class=\"elementor-image-box-content\"><h3 class=\"elementor-image-box-title\">MEJOR HAMBURGUESA DELIVERY 2024<\/h3><\/div><\/div>\t\t<\/div>\n\t\t\t\t<\/div>\n\t\t\t\t<\/div>\n\t\t\t\t<\/div>\n\t\t\t\t<\/div>\n\t\t\t\t\t<\/div>\n\t\t\t\t<\/div>\n\t\t\t\t<\/div>\n\t\t","protected":false},"excerpt":{"rendered":"<p>About us JUNK NACE EN FEBRERO DE 2020 (UN MES ANTES DE LA PANDEMIA). SOLO TEN\u00cdAMOS UNA COSA CLARA: \u201cHAGAMOS LO QUE HAGAMOS, TENEMOS QUE SER LOS MEJORES\u201d. LOS INICIOS NO FUERON F\u00c1CILES, PANDEMIA Y POST-PANDEMIA NOS DIERON UNAS LECCIONES DE VIDA INCALCULABLES. A D\u00cdA DE HOY, Y ECHANDO LA VISTA ATR\u00c1S, LO TENEMOS CLARO. SI HEMOS AGUANTADO TODO ESTO Y HEMOS SABIDO SALIR ADELANTE, VAMOS A PODER ENFRENTARNOS A TODO LO QUE VENGA. FUIMOS PIONEROS EN HACER LAS AHORA TAN FAMOSAS \u201cSMASH BURGERS\u201d EN MADRID Y EN ESPA\u00d1A. GANANDO EN MARZO DE 2022 EL CAMPEONATO DE LA MEJOR HAMBURGUESA DE ESPA\u00d1A, SIENDO LA \u00daNICA \u201cSMASH\u201d QUE PARTICIPABA EN EL CAMPEONATO. A PARTIR DE ESTE MOMENTO, NOS CENTRAMOS EN CUMPLIR LAS EXPECTATIVAS DE TODAS AQUELLAS PERSONAS QUE VEN\u00cdAN A NUESTRO PRIMER RESTAURANTE (C\/JOSE ABASCAL, 31, MADRID) A PROBAR \u201cLA MEJOR HAMBURGUESA DE ESPA\u00d1A\u201d. POCO A POCO FUIMOS CRECIENDO COMO EMPRESA, COMO MARCA Y COMO EQUIPO. DEFINIMOS NUESTRAS BASES EN TRES PRINCIPIOS: PRODUCTO, EXPERIENCIA Y TECNOLOG\u00cdA. NOS CENTRAMOS EN TENER UN PRODUCTO INIGUALABLE. BUSCAMOS UN OBRADOR DE PAN PARA QUE NOS PRODUJESE NUESTRO PROPIO PAN CASERO, CON LA RECETA QUE NOSOTROS MISMOS ELABORAMOS. ENCONTRAMOS LA GANADER\u00cdA QUE M\u00c1S LIBERTAD OFRECE A SUS VACAS Y QUE NOS GARANTIZA CON MAYOR SEGURIDAD EL PROCESO DE TRAZABILIDAD DE LA CARNE HASTA SU LLEGADA DIARIA A NUESTROS RESTAURANTES. A D\u00cdA DE HOY, ESTAMOS ORGULLOSOS DE DECIR QUE NADA DE NUESTROS PRODUCTOS ES CONGELADO, TODO VIENE FRESCO Y EN EL D\u00cdA. CONTAMOS CON PROVEEDORES LOCALES DE FRUTAS, PATATAS (CASERAS, CORTADAS A MANO Y CON PIEL) Y VERDURAS. SIEMPRE TUVIMOS LA OBSESI\u00d3N POR TENER LA MEJOR BURGER DE ESPA\u00d1A, Y ESO NO SER\u00cdA POSIBLE SI NO CONTASEMOS CON LOS MEJORES INGREDIENTES LOCALES. CREEMOS QUE EL \u201cMOMENTO BURGER\u201d EST\u00c1 CAMBIANDO EN NUESTRA SOCIEDAD. NO SOLO APOSTAMOS POR UNA GRAN EXPERIENCIA EN NUESTROS LOCALES, SINO QUE QUEREMOS LLEVAR ESA FELICIDAD A CUALQUIER LUGAR EN EL QUE EST\u00c9S GRACIAS AL DELIVERY. POR ELLO, DESDE 2023 PONEMOS TODOS LOS ESFUERZOS EN MEJORAR TODA ESA EXPERIENCIA ONLINE. HEMOS CUIDADO EL PACKAGING HASTA EL \u00daLTIMO DETALLE PARA CONSEGUIR QUE SIEMPRE LLEGUEMOS CALIENTES, ADEM\u00c1S DE CREAR TODA UNA IMAGEN DE MARCA ALREDEDOR DE LA EXPERIENCIA QUE OFRECEMOS. QUE COMER UNA JUNK NO SOLO TE QUITE EL HAMBRE, TE APORTE UN VALOR EXTRA DE FELICIDAD. NADA DE TODO ESTO HUBIESE SIDO POSIBLE SIN UNA APUESTA FIRME POR LA TECNOLOG\u00cdA. HEMOS DISE\u00d1ADO TODA UNA OPERATIVA BASADA EN DATOS Y N\u00daMEROS QUE NOS PERMITE SABER EXACTAMENTE QU\u00c9 EST\u00c1 PASANDO EN CADA MOMENTO. IDENTIFICAMOS D\u00d3NDE HAY ERRORES Y BUSCAMOS LA SOLUCI\u00d3N LO ANTES POSIBLE. TODO ELLO, NOS HA PERMITIDO OPERAR R\u00c1PIDAMENTE EN LOS RESTAURANTES Y TENER UNA MEDIA DE \u201cDELIVERY TIME\u201d POR DEBAJO DE LOS 25 MINUTOS. POR RESUMIR EN UNA FRASE LO QUE HACEMOS DESDE JUNK, CREEMOS QUE \u201cSOMEDAY, ALL BURGERS ARE GOING TO BE MADE LIKE THIS\u201d. CON ESTA PASI\u00d3N POR LO QUE HACEMOS Y EL PROYECTO QUE ESTAMOS MONTANDO, NOS DESPEDIMOS. SI HAB\u00c9IS LLEGADO HASTA AQU\u00cd, ESPERAMOS QUE COMO POCO OS HAYAN ENTRADO GANAS DE UNA JUNK RECONOCIMIENTOS HASTA EL MOMENTO: MEJOR HAMBURGUESA DE ESPA\u00d1A 2022 SOLETE GU\u00cdA REPSOL \u201cFAST GOOD\u201d 2023 &#038; 2024 MEJOR HAMBURGUESA DELIVERY 2024<\/p>\n","protected":false},"author":1,"featured_media":0,"parent":0,"menu_order":0,"comment_status":"closed","ping_status":"closed","template":"","meta":{"footnotes":""},"class_list":["post-655","page","type-page","status-publish","hentry"],"yoast_head":"<!-- This site is optimized with the Yoast SEO plugin v23.9 - https:\/\/yoast.com\/wordpress\/plugins\/seo\/ -->\n<title>About Us - Junk Burger<\/title>\n<meta name=\"description\" content=\"En Junk Burger, redefinimos las hamburguesas con nuestras premiadas smash burgers, reconocidas como las mejores de Madrid.\" \/>\n<meta name=\"robots\" content=\"index, follow, max-snippet:-1, max-image-preview:large, max-video-preview:-1\" \/>\n<link rel=\"canonical\" href=\"https:\/\/www.junkburger.com\/index.php\/about-us\/\" \/>\n<meta property=\"og:locale\" content=\"es_ES\" \/>\n<meta property=\"og:type\" content=\"article\" \/>\n<meta property=\"og:title\" content=\"About Us - Junk Burger\" \/>\n<meta property=\"og:description\" content=\"En Junk Burger, redefinimos las hamburguesas con nuestras premiadas smash burgers, reconocidas como las mejores de Madrid.\" \/>\n<meta property=\"og:url\" content=\"https:\/\/www.junkburger.com\/index.php\/about-us\/\" \/>\n<meta property=\"og:site_name\" content=\"Junk Burger\" \/>\n<meta property=\"article:modified_time\" content=\"2024-11-25T19:27:54+00:00\" \/>\n<meta property=\"og:image\" content=\"https:\/\/www.junkburger.com\/wp-content\/uploads\/2024\/11\/IMG_9938-1-721x1024.jpg\" \/>\n<meta name=\"twitter:card\" content=\"summary_large_image\" \/>\n<meta name=\"twitter:label1\" content=\"Tiempo de lectura\" \/>\n\t<meta name=\"twitter:data1\" content=\"4 minutos\" \/>\n<script type=\"application\/ld+json\" class=\"yoast-schema-graph\">{\"@context\":\"https:\/\/schema.org\",\"@graph\":[{\"@type\":\"WebPage\",\"@id\":\"https:\/\/www.junkburger.com\/index.php\/about-us\/\",\"url\":\"https:\/\/www.junkburger.com\/index.php\/about-us\/\",\"name\":\"About Us - Junk Burger\",\"isPartOf\":{\"@id\":\"https:\/\/www.junkburger.com\/#website\"},\"primaryImageOfPage\":{\"@id\":\"https:\/\/www.junkburger.com\/index.php\/about-us\/#primaryimage\"},\"image\":{\"@id\":\"https:\/\/www.junkburger.com\/index.php\/about-us\/#primaryimage\"},\"thumbnailUrl\":\"https:\/\/www.junkburger.com\/wp-content\/uploads\/2024\/11\/IMG_9938-1-721x1024.jpg\",\"datePublished\":\"2024-11-13T18:15:45+00:00\",\"dateModified\":\"2024-11-25T19:27:54+00:00\",\"description\":\"En Junk Burger, redefinimos las hamburguesas con nuestras premiadas smash burgers, reconocidas como las mejores de Madrid.\",\"breadcrumb\":{\"@id\":\"https:\/\/www.junkburger.com\/index.php\/about-us\/#breadcrumb\"},\"inLanguage\":\"es\",\"potentialAction\":[{\"@type\":\"ReadAction\",\"target\":[\"https:\/\/www.junkburger.com\/index.php\/about-us\/\"]}]},{\"@type\":\"ImageObject\",\"inLanguage\":\"es\",\"@id\":\"https:\/\/www.junkburger.com\/index.php\/about-us\/#primaryimage\",\"url\":\"https:\/\/www.junkburger.com\/wp-content\/uploads\/2024\/11\/IMG_9938-1-scaled.jpg\",\"contentUrl\":\"https:\/\/www.junkburger.com\/wp-content\/uploads\/2024\/11\/IMG_9938-1-scaled.jpg\",\"width\":1803,\"height\":2560},{\"@type\":\"BreadcrumbList\",\"@id\":\"https:\/\/www.junkburger.com\/index.php\/about-us\/#breadcrumb\",\"itemListElement\":[{\"@type\":\"ListItem\",\"position\":1,\"name\":\"Portada\",\"item\":\"https:\/\/www.junkburger.com\/\"},{\"@type\":\"ListItem\",\"position\":2,\"name\":\"About Us\"}]},{\"@type\":\"WebSite\",\"@id\":\"https:\/\/www.junkburger.com\/#website\",\"url\":\"https:\/\/www.junkburger.com\/\",\"name\":\"Junk Burger\",\"description\":\"\",\"potentialAction\":[{\"@type\":\"SearchAction\",\"target\":{\"@type\":\"EntryPoint\",\"urlTemplate\":\"https:\/\/www.junkburger.com\/?s={search_term_string}\"},\"query-input\":{\"@type\":\"PropertyValueSpecification\",\"valueRequired\":true,\"valueName\":\"search_term_string\"}}],\"inLanguage\":\"es\"}]}<\/script>\n<!-- \/ Yoast SEO plugin. -->","yoast_head_json":{"title":"About Us - Junk Burger","description":"En Junk Burger, redefinimos las hamburguesas con nuestras premiadas smash burgers, reconocidas como las mejores de Madrid.","robots":{"index":"index","follow":"follow","max-snippet":"max-snippet:-1","max-image-preview":"max-image-preview:large","max-video-preview":"max-video-preview:-1"},"canonical":"https:\/\/www.junkburger.com\/index.php\/about-us\/","og_locale":"es_ES","og_type":"article","og_title":"About Us - Junk Burger","og_description":"En Junk Burger, redefinimos las hamburguesas con nuestras premiadas smash burgers, reconocidas como las mejores de Madrid.","og_url":"https:\/\/www.junkburger.com\/index.php\/about-us\/","og_site_name":"Junk Burger","article_modified_time":"2024-11-25T19:27:54+00:00","og_image":[{"url":"https:\/\/www.junkburger.com\/wp-content\/uploads\/2024\/11\/IMG_9938-1-721x1024.jpg"}],"twitter_card":"summary_large_image","twitter_misc":{"Tiempo de lectura":"4 minutos"},"schema":{"@context":"https:\/\/schema.org","@graph":[{"@type":"WebPage","@id":"https:\/\/www.junkburger.com\/index.php\/about-us\/","url":"https:\/\/www.junkburger.com\/index.php\/about-us\/","name":"About Us - Junk Burger","isPartOf":{"@id":"https:\/\/www.junkburger.com\/#website"},"primaryImageOfPage":{"@id":"https:\/\/www.junkburger.com\/index.php\/about-us\/#primaryimage"},"image":{"@id":"https:\/\/www.junkburger.com\/index.php\/about-us\/#primaryimage"},"thumbnailUrl":"https:\/\/www.junkburger.com\/wp-content\/uploads\/2024\/11\/IMG_9938-1-721x1024.jpg","datePublished":"2024-11-13T18:15:45+00:00","dateModified":"2024-11-25T19:27:54+00:00","description":"En Junk Burger, redefinimos las hamburguesas con nuestras premiadas smash burgers, reconocidas como las mejores de Madrid.","breadcrumb":{"@id":"https:\/\/www.junkburger.com\/index.php\/about-us\/#breadcrumb"},"inLanguage":"es","potentialAction":[{"@type":"ReadAction","target":["https:\/\/www.junkburger.com\/index.php\/about-us\/"]}]},{"@type":"ImageObject","inLanguage":"es","@id":"https:\/\/www.junkburger.com\/index.php\/about-us\/#primaryimage","url":"https:\/\/www.junkburger.com\/wp-content\/uploads\/2024\/11\/IMG_9938-1-scaled.jpg","contentUrl":"https:\/\/www.junkburger.com\/wp-content\/uploads\/2024\/11\/IMG_9938-1-scaled.jpg","width":1803,"height":2560},{"@type":"BreadcrumbList","@id":"https:\/\/www.junkburger.com\/index.php\/about-us\/#breadcrumb","itemListElement":[{"@type":"ListItem","position":1,"name":"Portada","item":"https:\/\/www.junkburger.com\/"},{"@type":"ListItem","position":2,"name":"About Us"}]},{"@type":"WebSite","@id":"https:\/\/www.junkburger.com\/#website","url":"https:\/\/www.junkburger.com\/","name":"Junk Burger","description":"","potentialAction":[{"@type":"SearchAction","target":{"@type":"EntryPoint","urlTemplate":"https:\/\/www.junkburger.com\/?s={search_term_string}"},"query-input":{"@type":"PropertyValueSpecification","valueRequired":true,"valueName":"search_term_string"}}],"inLanguage":"es"}]}},"_links":{"self":[{"href":"https:\/\/www.junkburger.com\/index.php\/wp-json\/wp\/v2\/pages\/655","targetHints":{"allow":["GET"]}}],"collection":[{"href":"https:\/\/www.junkburger.com\/index.php\/wp-json\/wp\/v2\/pages"}],"about":[{"href":"https:\/\/www.junkburger.com\/index.php\/wp-json\/wp\/v2\/types\/page"}],"author":[{"embeddable":true,"href":"https:\/\/www.junkburger.com\/index.php\/wp-json\/wp\/v2\/users\/1"}],"replies":[{"embeddable":true,"href":"https:\/\/www.junkburger.com\/index.php\/wp-json\/wp\/v2\/comments?post=655"}],"version-history":[{"count":47,"href":"https:\/\/www.junkburger.com\/index.php\/wp-json\/wp\/v2\/pages\/655\/revisions"}],"predecessor-version":[{"id":2452,"href":"https:\/\/www.junkburger.com\/index.php\/wp-json\/wp\/v2\/pages\/655\/revisions\/2452"}],"wp:attachment":[{"href":"https:\/\/www.junkburger.com\/index.php\/wp-json\/wp\/v2\/media?parent=655"}],"curies":[{"name":"wp","href":"https:\/\/api.w.org\/{rel}","templated":true}]}}